{"id":30,"date":"2021-10-26T12:33:23","date_gmt":"2021-10-26T10:33:23","guid":{"rendered":"http:\/\/blegrand.fr\/?page_id=30"},"modified":"2025-12-30T17:22:56","modified_gmt":"2025-12-30T16:22:56","slug":"les-therapies","status":"publish","type":"page","link":"https:\/\/blegrand.fr\/index.php\/les-therapies\/","title":{"rendered":"Comment travaille-t-on ?"},"content":{"rendered":"\n<blockquote class=\"wp-block-quote\">\n<p><em>&#8220;Un \u00e9chec n&#8217;est pas toujours une erreur, il peut \u00eatre tout simplement le meilleur qu&#8217;on peut faire dans les circonstances. L&#8217;erreur r\u00e9elle est d&#8217;arr\u00eater d&#8217;essayer.&#8221;<\/em><\/p>\n<cite>B.F. Skinner<\/cite><\/blockquote>\n\n\n\n<p>Les th\u00e9rapies cognitives et comportementales sont bas\u00e9es sur l\u2019interconnexion entre pens\u00e9es, \u00e9motions, sensations physiques et comportements.<\/p>\n\n\n\n<p>Celle-ci est influenc\u00e9e par l\u2019environnement (les situations, les d\u00e9clencheurs &#8230;).<\/p>\n\n\n\n<p>Lorsque les \u00e9motions ou les comportements en r\u00e9action \u00e0 l\u2019environnement sont inadapt\u00e9s ou dysfonctionnels, alors il convient de se faire accompagner.<\/p>\n\n\n\n<p>Les TCC sont indiqu\u00e9es pour diverses pathologies, notamment la d\u00e9pression, l\u2019insomnie, l\u2019anxi\u00e9t\u00e9, le trouble obsessionnel compulsif, le stress post-traumatique, les troubles alimentaires, ou les douleurs chroniques.<\/p>\n\n\n\n<blockquote class=\"wp-block-quote\">\n<p><em>\u00ab Ne devenez pas un simple enregistreur de faits, mais essayez de p\u00e9n\u00e9trer le myst\u00e8re de leur origine. \u00bb<\/em><\/p>\n<cite>Ivan Pavlov<\/cite><\/blockquote>\n\n\n\n<hr class=\"wp-block-separator has-alpha-channel-opacity\"\/>\n\n\n\n<h2 class=\"wp-block-heading\">Le mod\u00e8le<\/h2>\n\n\n\n<figure class=\"wp-block-gallery has-nested-images columns-default is-cropped\">\n<figure class=\"wp-block-image size-large\"><img loading=\"lazy\" width=\"1024\" height=\"366\" src=\"https:\/\/blegrand.fr\/wp-content\/uploads\/2024\/10\/img_0094-1-1024x366.jpg\" alt=\"\" class=\"wp-image-230\" srcset=\"https:\/\/blegrand.fr\/wp-content\/uploads\/2024\/10\/img_0094-1-1024x366.jpg 1024w, https:\/\/blegrand.fr\/wp-content\/uploads\/2024\/10\/img_0094-1-300x107.jpg 300w, https:\/\/blegrand.fr\/wp-content\/uploads\/2024\/10\/img_0094-1-768x275.jpg 768w, https:\/\/blegrand.fr\/wp-content\/uploads\/2024\/10\/img_0094-1-1536x549.jpg 1536w, https:\/\/blegrand.fr\/wp-content\/uploads\/2024\/10\/img_0094-1-1200x429.jpg 1200w, https:\/\/blegrand.fr\/wp-content\/uploads\/2024\/10\/img_0094-1.jpg 1915w\" sizes=\"(max-width: 1024px) 100vw, 1024px\" \/><\/figure>\n<\/figure>\n\n\n\n<h2 class=\"wp-block-heading\">La th\u00e9rapie cognitive<\/h2>\n\n\n\n<blockquote class=\"wp-block-quote\">\n<p>&#8220;<em>La th\u00e9rapie cognitive cherche \u00e0 soulager les tensions psychologiques en corrigeant les id\u00e9es fausses et les signaux de soi. En corrigeant les croyances erron\u00e9es, nous pouvons mettre fin aux r\u00e9actions excessives.<\/em>&#8220;<\/p>\n<cite>Aaron Beck<\/cite><\/blockquote>\n\n\n\n<p>Il existe des filtres de pens\u00e9es qui nous am\u00e8nent \u00e0 voit ce qui se passe, \u00e0 vivre les \u00e9v\u00e9nements avec notre perception. Les distorsions cognitives sont des pens\u00e9es qui am\u00e8nent les individus \u00e0 percevoir la r\u00e9alit\u00e9 de mani\u00e8re \u00ab&nbsp;inexacte&nbsp;\u00bb. <\/p>\n\n\n\n<p>Nos diff\u00e9rentes fonctions cognitives, la m\u00e9moire, l\u2019attention, les \u00e9motions provoquent ces distorsions et am\u00e8nent \u00e0 un fonctionnement de pens\u00e9e. La m\u00e9moire \u00e9motionnelle peut biais\u00e9e nos interpr\u00e9tations des situations.<\/p>\n\n\n\n<p>Les principales distorsions sont \u00ab&nbsp;tirer des conclusions h\u00e2tives&nbsp;\u00bb ou inf\u00e9rence arbitraire&nbsp;\u00bb et \u00ab&nbsp;imaginer le pire&nbsp;\u00bb ou \u00ab&nbsp;catastrophisation&nbsp;\u00bb.<\/p>\n\n\n\n<p id=\"viewer-cekm9\">L\u2019\u00e9tude des biais cognitifs de la m\u00e9moire \u00e9motionnelle justifie des interventions bas\u00e9es sur la restructuration cognitive. <\/p>\n\n\n\n<p id=\"viewer-cekm9\">Le but de la th\u00e9rapie est d\u2019apporter une flexibilit\u00e9 de jugements. Elle permettra de travailler sur les pens\u00e9es automatiques dysfonctionnelles qui sont des interpr\u00e9tations erron\u00e9es de la r\u00e9alit\u00e9.<\/p>\n\n\n\n<p>Ce travail de restructuration est imbriqu\u00e9 avec la th\u00e9rapie comportementale. Les croyances seront v\u00e9rifi\u00e9es au cours des expositions.<\/p>\n\n\n\n<p>Les outils de la m\u00e9ditation pleine conscience sont \u00e9galement utiles dans l\u2019identification des pens\u00e9e automatiques.<\/p>\n\n\n\n<figure class=\"wp-block-pullquote\"><blockquote><p><em>\u00ab La plus grande r\u00e9volution de notre g\u00e9n\u00e9ration est de d\u00e9couvrir que les gens<\/em> <em>peuvent, en modifiant leur \u00e9tat d\u2019esprit, changer les aspects ext\u00e9rieurs de leur vie. \u00bb<\/em><\/p><cite><em>William James<\/em><\/cite><\/blockquote><\/figure>\n\n\n\n<h2 class=\"wp-block-heading\"><strong>La th\u00e9rapie comportementale<\/strong><\/h2>\n\n\n\n<p>Ici, nous ciblons directement les \u00e9vitements qui viennent renforcer nos \u00e9motions n\u00e9gatives.<\/p>\n\n\n\n<p>Nous \u00e9tablirons une hi\u00e9rarchie des situations afin de pouvoir s\u2019exposer de mani\u00e8re progressive \u00e0 ce qui est redout\u00e9. <br \/>Ce qui est attendu de ces expositions c\u2019est une meilleure tol\u00e9rance aux \u00e9motions n\u00e9gatives.<\/p>\n\n\n\n<p>En fonction des objectifs th\u00e9rapeutiques choisis, nous imaginerons des entra\u00eenements.<\/p>\n\n\n\n<p>Les techniques comportementales sont par exemple : <\/p>\n\n\n\n<ul class=\"wp-block-list\">\n<li>Les expositions in vivo<\/li>\n\n\n\n<li>Les expositions en imagerie<\/li>\n\n\n\n<li>L\u2019activation comportementale<\/li>\n\n\n\n<li>Les jeux de r\u00f4les<\/li>\n\n\n\n<li>L\u2019affirmation de soi<\/li>\n<\/ul>\n\n\n\n<hr class=\"wp-block-separator has-alpha-channel-opacity\"\/>\n\n\n\n<h2 class=\"wp-block-heading\"><\/h2>\n\n\n\n<p><\/p>\n","protected":false},"excerpt":{"rendered":"<p>&#8220;Un \u00e9chec n&#8217;est pas toujours une erreur, il peut \u00eatre tout simplement le meilleur qu&#8217;on peut faire dans les circonstances. L&#8217;erreur r\u00e9elle est d&#8217;arr\u00eater d&#8217;essayer.&#8221; B.F. Skinner Les th\u00e9rapies cognitives et comportementales sont bas\u00e9es sur l\u2019interconnexion entre pens\u00e9es, \u00e9motions, sensations physiques et comportements. Celle-ci est influenc\u00e9e par l\u2019environnement (les situations, les d\u00e9clencheurs &#8230;). Lorsque les [&hellip;]<\/p>\n","protected":false},"author":1,"featured_media":0,"parent":0,"menu_order":0,"comment_status":"closed","ping_status":"closed","template":"","meta":{"spay_email":""},"_links":{"self":[{"href":"https:\/\/blegrand.fr\/index.php\/wp-json\/wp\/v2\/pages\/30"}],"collection":[{"href":"https:\/\/blegrand.fr\/index.php\/wp-json\/wp\/v2\/pages"}],"about":[{"href":"https:\/\/blegrand.fr\/index.php\/wp-json\/wp\/v2\/types\/page"}],"author":[{"embeddable":true,"href":"https:\/\/blegrand.fr\/index.php\/wp-json\/wp\/v2\/users\/1"}],"replies":[{"embeddable":true,"href":"https:\/\/blegrand.fr\/index.php\/wp-json\/wp\/v2\/comments?post=30"}],"version-history":[{"count":16,"href":"https:\/\/blegrand.fr\/index.php\/wp-json\/wp\/v2\/pages\/30\/revisions"}],"predecessor-version":[{"id":276,"href":"https:\/\/blegrand.fr\/index.php\/wp-json\/wp\/v2\/pages\/30\/revisions\/276"}],"wp:attachment":[{"href":"https:\/\/blegrand.fr\/index.php\/wp-json\/wp\/v2\/media?parent=30"}],"curies":[{"name":"wp","href":"https:\/\/api.w.org\/{rel}","templated":true}]}}